{"id":2904,"date":"2020-01-27T16:24:08","date_gmt":"2020-01-27T16:24:08","guid":{"rendered":"https:\/\/www.bicachair.com\/colecao-gents\/"},"modified":"2023-02-28T15:58:12","modified_gmt":"2023-02-28T15:58:12","slug":"gents-kollektion","status":"publish","type":"page","link":"https:\/\/www.bicachair.com\/de\/gents-kollektion\/","title":{"rendered":"Gents Kollektion"},"content":{"rendered":"","protected":false},"excerpt":{"rendered":"","protected":false},"author":1,"featured_media":0,"parent":0,"menu_order":0,"comment_status":"closed","ping_status":"closed","template":"theme-collection.php","meta":{"_acf_changed":false,"footnotes":""},"class_list":["post-2904","page","type-page","status-publish","hentry"],"acf":[],"yoast_head":"<!-- This site is optimized with the Yoast SEO plugin v27.2 - https:\/\/yoast.com\/product\/yoast-seo-wordpress\/ -->\n<title>Cole\u00e7\u00e3o Gents - Cadeiras Bicachair<\/title>\n<meta name=\"description\" content=\"A cole\u00e7\u00e3o de cadeiras GENTS \u00e9 feita pelas m\u00e3os experientes de antigos mestres que t\u00eam como prioridade a busca pela perfei\u00e7\u00e3o e o cuidado pelos detalhes\" \/>\n<meta name=\"robots\" content=\"index, follow, max-snippet:-1, max-image-preview:large, max-video-preview:-1\" \/>\n<link rel=\"canonical\" href=\"https:\/\/www.bicachair.com\/de\/gents-kollektion\/\" \/>\n<meta property=\"og:locale\" content=\"de_DE\" \/>\n<meta property=\"og:type\" content=\"article\" \/>\n<meta property=\"og:title\" content=\"Cole\u00e7\u00e3o Gents - Cadeiras Bicachair\" \/>\n<meta property=\"og:description\" content=\"A cole\u00e7\u00e3o de cadeiras GENTS \u00e9 feita pelas m\u00e3os experientes de antigos mestres que t\u00eam como prioridade a busca pela perfei\u00e7\u00e3o e o cuidado pelos detalhes\" \/>\n<meta property=\"og:url\" content=\"https:\/\/www.bicachair.com\/de\/gents-kollektion\/\" \/>\n<meta property=\"og:site_name\" content=\"Bicachair\" \/>\n<meta property=\"article:modified_time\" content=\"2023-02-28T15:58:12+00:00\" \/>\n<meta property=\"og:image\" content=\"https:\/\/www.bicachair.com\/wp-content\/uploads\/2020\/01\/home_gents.jpg\" \/>\n\t<meta property=\"og:image:width\" content=\"1920\" \/>\n\t<meta property=\"og:image:height\" content=\"1280\" \/>\n\t<meta property=\"og:image:type\" content=\"image\/jpeg\" \/>\n<meta name=\"twitter:card\" content=\"summary_large_image\" \/>\n<script type=\"application\/ld+json\" class=\"yoast-schema-graph\">{\"@context\":\"https:\/\/schema.org\",\"@graph\":[{\"@type\":\"WebPage\",\"@id\":\"https:\/\/www.bicachair.com\/de\/gents-kollektion\/\",\"url\":\"https:\/\/www.bicachair.com\/de\/gents-kollektion\/\",\"name\":\"Cole\u00e7\u00e3o Gents - Cadeiras Bicachair\",\"isPartOf\":{\"@id\":\"https:\/\/www.bicachair.com\/#website\"},\"datePublished\":\"2020-01-27T16:24:08+00:00\",\"dateModified\":\"2023-02-28T15:58:12+00:00\",\"description\":\"A cole\u00e7\u00e3o de cadeiras GENTS \u00e9 feita pelas m\u00e3os experientes de antigos mestres que t\u00eam como prioridade a busca pela perfei\u00e7\u00e3o e o cuidado pelos detalhes\",\"breadcrumb\":{\"@id\":\"https:\/\/www.bicachair.com\/de\/gents-kollektion\/#breadcrumb\"},\"inLanguage\":\"de\",\"potentialAction\":[{\"@type\":\"ReadAction\",\"target\":[\"https:\/\/www.bicachair.com\/de\/gents-kollektion\/\"]}]},{\"@type\":\"BreadcrumbList\",\"@id\":\"https:\/\/www.bicachair.com\/de\/gents-kollektion\/#breadcrumb\",\"itemListElement\":[{\"@type\":\"ListItem\",\"position\":1,\"name\":\"In\u00edcio\",\"item\":\"https:\/\/www.bicachair.com\/de\/\"},{\"@type\":\"ListItem\",\"position\":2,\"name\":\"Gents Kollektion\"}]},{\"@type\":\"WebSite\",\"@id\":\"https:\/\/www.bicachair.com\/#website\",\"url\":\"https:\/\/www.bicachair.com\/\",\"name\":\"Bicachair\",\"description\":\"Cadeira Portuguesa\",\"publisher\":{\"@id\":\"https:\/\/www.bicachair.com\/#organization\"},\"potentialAction\":[{\"@type\":\"SearchAction\",\"target\":{\"@type\":\"EntryPoint\",\"urlTemplate\":\"https:\/\/www.bicachair.com\/?s={search_term_string}\"},\"query-input\":{\"@type\":\"PropertyValueSpecification\",\"valueRequired\":true,\"valueName\":\"search_term_string\"}}],\"inLanguage\":\"de\"},{\"@type\":\"Organization\",\"@id\":\"https:\/\/www.bicachair.com\/#organization\",\"name\":\"Bicachair\",\"url\":\"https:\/\/www.bicachair.com\/\",\"logo\":{\"@type\":\"ImageObject\",\"inLanguage\":\"de\",\"@id\":\"https:\/\/www.bicachair.com\/#\/schema\/logo\/image\/\",\"url\":\"https:\/\/www.bicachair.com\/wp-content\/uploads\/2020\/01\/bicachair-and-streetart-armcollective-03.jpg\",\"contentUrl\":\"https:\/\/www.bicachair.com\/wp-content\/uploads\/2020\/01\/bicachair-and-streetart-armcollective-03.jpg\",\"width\":1920,\"height\":1282,\"caption\":\"Bicachair\"},\"image\":{\"@id\":\"https:\/\/www.bicachair.com\/#\/schema\/logo\/image\/\"}}]}<\/script>\n<!-- \/ Yoast SEO plugin. -->","yoast_head_json":{"title":"Cole\u00e7\u00e3o Gents - Cadeiras Bicachair","description":"A cole\u00e7\u00e3o de cadeiras GENTS \u00e9 feita pelas m\u00e3os experientes de antigos mestres que t\u00eam como prioridade a busca pela perfei\u00e7\u00e3o e o cuidado pelos detalhes","robots":{"index":"index","follow":"follow","max-snippet":"max-snippet:-1","max-image-preview":"max-image-preview:large","max-video-preview":"max-video-preview:-1"},"canonical":"https:\/\/www.bicachair.com\/de\/gents-kollektion\/","og_locale":"de_DE","og_type":"article","og_title":"Cole\u00e7\u00e3o Gents - Cadeiras Bicachair","og_description":"A cole\u00e7\u00e3o de cadeiras GENTS \u00e9 feita pelas m\u00e3os experientes de antigos mestres que t\u00eam como prioridade a busca pela perfei\u00e7\u00e3o e o cuidado pelos detalhes","og_url":"https:\/\/www.bicachair.com\/de\/gents-kollektion\/","og_site_name":"Bicachair","article_modified_time":"2023-02-28T15:58:12+00:00","og_image":[{"width":1920,"height":1280,"url":"https:\/\/www.bicachair.com\/wp-content\/uploads\/2020\/01\/home_gents.jpg","type":"image\/jpeg"}],"twitter_card":"summary_large_image","schema":{"@context":"https:\/\/schema.org","@graph":[{"@type":"WebPage","@id":"https:\/\/www.bicachair.com\/de\/gents-kollektion\/","url":"https:\/\/www.bicachair.com\/de\/gents-kollektion\/","name":"Cole\u00e7\u00e3o Gents - Cadeiras Bicachair","isPartOf":{"@id":"https:\/\/www.bicachair.com\/#website"},"datePublished":"2020-01-27T16:24:08+00:00","dateModified":"2023-02-28T15:58:12+00:00","description":"A cole\u00e7\u00e3o de cadeiras GENTS \u00e9 feita pelas m\u00e3os experientes de antigos mestres que t\u00eam como prioridade a busca pela perfei\u00e7\u00e3o e o cuidado pelos detalhes","breadcrumb":{"@id":"https:\/\/www.bicachair.com\/de\/gents-kollektion\/#breadcrumb"},"inLanguage":"de","potentialAction":[{"@type":"ReadAction","target":["https:\/\/www.bicachair.com\/de\/gents-kollektion\/"]}]},{"@type":"BreadcrumbList","@id":"https:\/\/www.bicachair.com\/de\/gents-kollektion\/#breadcrumb","itemListElement":[{"@type":"ListItem","position":1,"name":"In\u00edcio","item":"https:\/\/www.bicachair.com\/de\/"},{"@type":"ListItem","position":2,"name":"Gents Kollektion"}]},{"@type":"WebSite","@id":"https:\/\/www.bicachair.com\/#website","url":"https:\/\/www.bicachair.com\/","name":"Bicachair","description":"Cadeira Portuguesa","publisher":{"@id":"https:\/\/www.bicachair.com\/#organization"},"potentialAction":[{"@type":"SearchAction","target":{"@type":"EntryPoint","urlTemplate":"https:\/\/www.bicachair.com\/?s={search_term_string}"},"query-input":{"@type":"PropertyValueSpecification","valueRequired":true,"valueName":"search_term_string"}}],"inLanguage":"de"},{"@type":"Organization","@id":"https:\/\/www.bicachair.com\/#organization","name":"Bicachair","url":"https:\/\/www.bicachair.com\/","logo":{"@type":"ImageObject","inLanguage":"de","@id":"https:\/\/www.bicachair.com\/#\/schema\/logo\/image\/","url":"https:\/\/www.bicachair.com\/wp-content\/uploads\/2020\/01\/bicachair-and-streetart-armcollective-03.jpg","contentUrl":"https:\/\/www.bicachair.com\/wp-content\/uploads\/2020\/01\/bicachair-and-streetart-armcollective-03.jpg","width":1920,"height":1282,"caption":"Bicachair"},"image":{"@id":"https:\/\/www.bicachair.com\/#\/schema\/logo\/image\/"}}]}},"_links":{"self":[{"href":"https:\/\/www.bicachair.com\/de\/wp-json\/wp\/v2\/pages\/2904","targetHints":{"allow":["GET"]}}],"collection":[{"href":"https:\/\/www.bicachair.com\/de\/wp-json\/wp\/v2\/pages"}],"about":[{"href":"https:\/\/www.bicachair.com\/de\/wp-json\/wp\/v2\/types\/page"}],"author":[{"embeddable":true,"href":"https:\/\/www.bicachair.com\/de\/wp-json\/wp\/v2\/users\/1"}],"replies":[{"embeddable":true,"href":"https:\/\/www.bicachair.com\/de\/wp-json\/wp\/v2\/comments?post=2904"}],"version-history":[{"count":0,"href":"https:\/\/www.bicachair.com\/de\/wp-json\/wp\/v2\/pages\/2904\/revisions"}],"wp:attachment":[{"href":"https:\/\/www.bicachair.com\/de\/wp-json\/wp\/v2\/media?parent=2904"}],"curies":[{"name":"wp","href":"https:\/\/api.w.org\/{rel}","templated":true}]}}