{"id":2447,"date":"2020-01-27T16:24:08","date_gmt":"2020-01-27T16:24:08","guid":{"rendered":"https:\/\/www.bicachair.com\/colecao-gents\/"},"modified":"2023-02-28T15:57:29","modified_gmt":"2023-02-28T15:57:29","slug":"collection-gents","status":"publish","type":"page","link":"https:\/\/www.bicachair.com\/fr\/collection-gents\/","title":{"rendered":"Collection Gents"},"content":{"rendered":"","protected":false},"excerpt":{"rendered":"","protected":false},"author":1,"featured_media":0,"parent":0,"menu_order":0,"comment_status":"closed","ping_status":"closed","template":"theme-collection.php","meta":{"_acf_changed":false,"footnotes":""},"class_list":["post-2447","page","type-page","status-publish","hentry"],"acf":[],"yoast_head":"<!-- This site is optimized with the Yoast SEO plugin v27.4 - https:\/\/yoast.com\/product\/yoast-seo-wordpress\/ -->\n<title>Collection Gents - Chaise BICAchair<\/title>\n<meta name=\"description\" content=\"La collection GENTS s&#039;appuie sur les mains exp\u00e9riment\u00e9es de ma\u00eetres exp\u00e9riment\u00e9s qui privil\u00e9gient la recherche de la perfection et du d\u00e9tail.\" \/>\n<meta name=\"robots\" content=\"index, follow, max-snippet:-1, max-image-preview:large, max-video-preview:-1\" \/>\n<link rel=\"canonical\" href=\"https:\/\/www.bicachair.com\/fr\/collection-gents\/\" \/>\n<meta property=\"og:locale\" content=\"fr_FR\" \/>\n<meta property=\"og:type\" content=\"article\" \/>\n<meta property=\"og:title\" content=\"Collection Gents - Chaise BICAchair\" \/>\n<meta property=\"og:description\" content=\"La collection GENTS s&#039;appuie sur les mains exp\u00e9riment\u00e9es de ma\u00eetres exp\u00e9riment\u00e9s qui privil\u00e9gient la recherche de la perfection et du d\u00e9tail.\" \/>\n<meta property=\"og:url\" content=\"https:\/\/www.bicachair.com\/fr\/collection-gents\/\" \/>\n<meta property=\"og:site_name\" content=\"Bicachair\" \/>\n<meta property=\"article:modified_time\" content=\"2023-02-28T15:57:29+00:00\" \/>\n<meta property=\"og:image\" content=\"https:\/\/www.bicachair.com\/wp-content\/uploads\/2020\/01\/home_gents.jpg\" \/>\n\t<meta property=\"og:image:width\" content=\"1920\" \/>\n\t<meta property=\"og:image:height\" content=\"1280\" \/>\n\t<meta property=\"og:image:type\" content=\"image\/jpeg\" \/>\n<meta name=\"twitter:card\" content=\"summary_large_image\" \/>\n<script type=\"application\/ld+json\" class=\"yoast-schema-graph\">{\"@context\":\"https:\\\/\\\/schema.org\",\"@graph\":[{\"@type\":\"WebPage\",\"@id\":\"https:\\\/\\\/www.bicachair.com\\\/fr\\\/collection-gents\\\/\",\"url\":\"https:\\\/\\\/www.bicachair.com\\\/fr\\\/collection-gents\\\/\",\"name\":\"Collection Gents - Chaise BICAchair\",\"isPartOf\":{\"@id\":\"https:\\\/\\\/www.bicachair.com\\\/#website\"},\"datePublished\":\"2020-01-27T16:24:08+00:00\",\"dateModified\":\"2023-02-28T15:57:29+00:00\",\"description\":\"La collection GENTS s'appuie sur les mains exp\u00e9riment\u00e9es de ma\u00eetres exp\u00e9riment\u00e9s qui privil\u00e9gient la recherche de la perfection et du d\u00e9tail.\",\"breadcrumb\":{\"@id\":\"https:\\\/\\\/www.bicachair.com\\\/fr\\\/collection-gents\\\/#breadcrumb\"},\"inLanguage\":\"fr-FR\",\"potentialAction\":[{\"@type\":\"ReadAction\",\"target\":[\"https:\\\/\\\/www.bicachair.com\\\/fr\\\/collection-gents\\\/\"]}]},{\"@type\":\"BreadcrumbList\",\"@id\":\"https:\\\/\\\/www.bicachair.com\\\/fr\\\/collection-gents\\\/#breadcrumb\",\"itemListElement\":[{\"@type\":\"ListItem\",\"position\":1,\"name\":\"In\u00edcio\",\"item\":\"https:\\\/\\\/www.bicachair.com\\\/fr\\\/\"},{\"@type\":\"ListItem\",\"position\":2,\"name\":\"Collection Gents\"}]},{\"@type\":\"WebSite\",\"@id\":\"https:\\\/\\\/www.bicachair.com\\\/#website\",\"url\":\"https:\\\/\\\/www.bicachair.com\\\/\",\"name\":\"Bicachair\",\"description\":\"Cadeira Portuguesa\",\"publisher\":{\"@id\":\"https:\\\/\\\/www.bicachair.com\\\/#organization\"},\"potentialAction\":[{\"@type\":\"SearchAction\",\"target\":{\"@type\":\"EntryPoint\",\"urlTemplate\":\"https:\\\/\\\/www.bicachair.com\\\/?s={search_term_string}\"},\"query-input\":{\"@type\":\"PropertyValueSpecification\",\"valueRequired\":true,\"valueName\":\"search_term_string\"}}],\"inLanguage\":\"fr-FR\"},{\"@type\":\"Organization\",\"@id\":\"https:\\\/\\\/www.bicachair.com\\\/#organization\",\"name\":\"Bicachair\",\"url\":\"https:\\\/\\\/www.bicachair.com\\\/\",\"logo\":{\"@type\":\"ImageObject\",\"inLanguage\":\"fr-FR\",\"@id\":\"https:\\\/\\\/www.bicachair.com\\\/#\\\/schema\\\/logo\\\/image\\\/\",\"url\":\"https:\\\/\\\/www.bicachair.com\\\/wp-content\\\/uploads\\\/2020\\\/01\\\/bicachair-and-streetart-armcollective-03.jpg\",\"contentUrl\":\"https:\\\/\\\/www.bicachair.com\\\/wp-content\\\/uploads\\\/2020\\\/01\\\/bicachair-and-streetart-armcollective-03.jpg\",\"width\":1920,\"height\":1282,\"caption\":\"Bicachair\"},\"image\":{\"@id\":\"https:\\\/\\\/www.bicachair.com\\\/#\\\/schema\\\/logo\\\/image\\\/\"}}]}<\/script>\n<!-- \/ Yoast SEO plugin. -->","yoast_head_json":{"title":"Collection Gents - Chaise BICAchair","description":"La collection GENTS s'appuie sur les mains exp\u00e9riment\u00e9es de ma\u00eetres exp\u00e9riment\u00e9s qui privil\u00e9gient la recherche de la perfection et du d\u00e9tail.","robots":{"index":"index","follow":"follow","max-snippet":"max-snippet:-1","max-image-preview":"max-image-preview:large","max-video-preview":"max-video-preview:-1"},"canonical":"https:\/\/www.bicachair.com\/fr\/collection-gents\/","og_locale":"fr_FR","og_type":"article","og_title":"Collection Gents - Chaise BICAchair","og_description":"La collection GENTS s'appuie sur les mains exp\u00e9riment\u00e9es de ma\u00eetres exp\u00e9riment\u00e9s qui privil\u00e9gient la recherche de la perfection et du d\u00e9tail.","og_url":"https:\/\/www.bicachair.com\/fr\/collection-gents\/","og_site_name":"Bicachair","article_modified_time":"2023-02-28T15:57:29+00:00","og_image":[{"width":1920,"height":1280,"url":"https:\/\/www.bicachair.com\/wp-content\/uploads\/2020\/01\/home_gents.jpg","type":"image\/jpeg"}],"twitter_card":"summary_large_image","schema":{"@context":"https:\/\/schema.org","@graph":[{"@type":"WebPage","@id":"https:\/\/www.bicachair.com\/fr\/collection-gents\/","url":"https:\/\/www.bicachair.com\/fr\/collection-gents\/","name":"Collection Gents - Chaise BICAchair","isPartOf":{"@id":"https:\/\/www.bicachair.com\/#website"},"datePublished":"2020-01-27T16:24:08+00:00","dateModified":"2023-02-28T15:57:29+00:00","description":"La collection GENTS s'appuie sur les mains exp\u00e9riment\u00e9es de ma\u00eetres exp\u00e9riment\u00e9s qui privil\u00e9gient la recherche de la perfection et du d\u00e9tail.","breadcrumb":{"@id":"https:\/\/www.bicachair.com\/fr\/collection-gents\/#breadcrumb"},"inLanguage":"fr-FR","potentialAction":[{"@type":"ReadAction","target":["https:\/\/www.bicachair.com\/fr\/collection-gents\/"]}]},{"@type":"BreadcrumbList","@id":"https:\/\/www.bicachair.com\/fr\/collection-gents\/#breadcrumb","itemListElement":[{"@type":"ListItem","position":1,"name":"In\u00edcio","item":"https:\/\/www.bicachair.com\/fr\/"},{"@type":"ListItem","position":2,"name":"Collection Gents"}]},{"@type":"WebSite","@id":"https:\/\/www.bicachair.com\/#website","url":"https:\/\/www.bicachair.com\/","name":"Bicachair","description":"Cadeira Portuguesa","publisher":{"@id":"https:\/\/www.bicachair.com\/#organization"},"potentialAction":[{"@type":"SearchAction","target":{"@type":"EntryPoint","urlTemplate":"https:\/\/www.bicachair.com\/?s={search_term_string}"},"query-input":{"@type":"PropertyValueSpecification","valueRequired":true,"valueName":"search_term_string"}}],"inLanguage":"fr-FR"},{"@type":"Organization","@id":"https:\/\/www.bicachair.com\/#organization","name":"Bicachair","url":"https:\/\/www.bicachair.com\/","logo":{"@type":"ImageObject","inLanguage":"fr-FR","@id":"https:\/\/www.bicachair.com\/#\/schema\/logo\/image\/","url":"https:\/\/www.bicachair.com\/wp-content\/uploads\/2020\/01\/bicachair-and-streetart-armcollective-03.jpg","contentUrl":"https:\/\/www.bicachair.com\/wp-content\/uploads\/2020\/01\/bicachair-and-streetart-armcollective-03.jpg","width":1920,"height":1282,"caption":"Bicachair"},"image":{"@id":"https:\/\/www.bicachair.com\/#\/schema\/logo\/image\/"}}]}},"_links":{"self":[{"href":"https:\/\/www.bicachair.com\/fr\/wp-json\/wp\/v2\/pages\/2447","targetHints":{"allow":["GET"]}}],"collection":[{"href":"https:\/\/www.bicachair.com\/fr\/wp-json\/wp\/v2\/pages"}],"about":[{"href":"https:\/\/www.bicachair.com\/fr\/wp-json\/wp\/v2\/types\/page"}],"author":[{"embeddable":true,"href":"https:\/\/www.bicachair.com\/fr\/wp-json\/wp\/v2\/users\/1"}],"replies":[{"embeddable":true,"href":"https:\/\/www.bicachair.com\/fr\/wp-json\/wp\/v2\/comments?post=2447"}],"version-history":[{"count":0,"href":"https:\/\/www.bicachair.com\/fr\/wp-json\/wp\/v2\/pages\/2447\/revisions"}],"wp:attachment":[{"href":"https:\/\/www.bicachair.com\/fr\/wp-json\/wp\/v2\/media?parent=2447"}],"curies":[{"name":"wp","href":"https:\/\/api.w.org\/{rel}","templated":true}]}}