{"id":4900,"date":"2021-12-02T11:57:50","date_gmt":"2021-12-02T11:57:50","guid":{"rendered":"https:\/\/www.bicachair.com\/colecao-cork\/"},"modified":"2023-02-28T15:50:32","modified_gmt":"2023-02-28T15:50:32","slug":"collection-cork","status":"publish","type":"page","link":"https:\/\/www.bicachair.com\/fr\/collection-cork\/","title":{"rendered":"Collection Cork"},"content":{"rendered":"","protected":false},"excerpt":{"rendered":"","protected":false},"author":1,"featured_media":0,"parent":0,"menu_order":0,"comment_status":"closed","ping_status":"closed","template":"theme-collection.php","meta":{"_acf_changed":false,"footnotes":""},"class_list":["post-4900","page","type-page","status-publish","hentry"],"acf":[],"yoast_head":"<!-- This site is optimized with the Yoast SEO plugin v27.4 - https:\/\/yoast.com\/product\/yoast-seo-wordpress\/ -->\n<title>Cole\u00e7\u00e3o Cork - Cadeiras Bicachair<\/title>\n<meta name=\"description\" content=\"En collaboration avec l&#039;industrie du li\u00e8ge au Portugal, nous avons cr\u00e9\u00e9 une collection en li\u00e8ge naturel, enti\u00e8rement faite \u00e0 la main.\" \/>\n<meta name=\"robots\" content=\"index, follow, max-snippet:-1, max-image-preview:large, max-video-preview:-1\" \/>\n<link rel=\"canonical\" href=\"https:\/\/www.bicachair.com\/fr\/collection-cork\/\" \/>\n<meta property=\"og:locale\" content=\"fr_FR\" \/>\n<meta property=\"og:type\" content=\"article\" \/>\n<meta property=\"og:title\" content=\"Cole\u00e7\u00e3o Cork - Cadeiras Bicachair\" \/>\n<meta property=\"og:description\" content=\"En collaboration avec l&#039;industrie du li\u00e8ge au Portugal, nous avons cr\u00e9\u00e9 une collection en li\u00e8ge naturel, enti\u00e8rement faite \u00e0 la main.\" \/>\n<meta property=\"og:url\" content=\"https:\/\/www.bicachair.com\/fr\/collection-cork\/\" \/>\n<meta property=\"og:site_name\" content=\"Bicachair\" \/>\n<meta property=\"article:modified_time\" content=\"2023-02-28T15:50:32+00:00\" \/>\n<meta property=\"og:image\" content=\"https:\/\/www.bicachair.com\/wp-content\/uploads\/2020\/02\/bica-home-classic-1.jpg\" \/>\n\t<meta property=\"og:image:width\" content=\"1920\" \/>\n\t<meta property=\"og:image:height\" content=\"1170\" \/>\n\t<meta property=\"og:image:type\" content=\"image\/jpeg\" \/>\n<meta name=\"twitter:card\" content=\"summary_large_image\" \/>\n<script type=\"application\/ld+json\" class=\"yoast-schema-graph\">{\"@context\":\"https:\\\/\\\/schema.org\",\"@graph\":[{\"@type\":\"WebPage\",\"@id\":\"https:\\\/\\\/www.bicachair.com\\\/fr\\\/collection-cork\\\/\",\"url\":\"https:\\\/\\\/www.bicachair.com\\\/fr\\\/collection-cork\\\/\",\"name\":\"Cole\u00e7\u00e3o Cork - Cadeiras Bicachair\",\"isPartOf\":{\"@id\":\"https:\\\/\\\/www.bicachair.com\\\/#website\"},\"datePublished\":\"2021-12-02T11:57:50+00:00\",\"dateModified\":\"2023-02-28T15:50:32+00:00\",\"description\":\"En collaboration avec l'industrie du li\u00e8ge au Portugal, nous avons cr\u00e9\u00e9 une collection en li\u00e8ge naturel, enti\u00e8rement faite \u00e0 la main.\",\"breadcrumb\":{\"@id\":\"https:\\\/\\\/www.bicachair.com\\\/fr\\\/collection-cork\\\/#breadcrumb\"},\"inLanguage\":\"fr-FR\",\"potentialAction\":[{\"@type\":\"ReadAction\",\"target\":[\"https:\\\/\\\/www.bicachair.com\\\/fr\\\/collection-cork\\\/\"]}]},{\"@type\":\"BreadcrumbList\",\"@id\":\"https:\\\/\\\/www.bicachair.com\\\/fr\\\/collection-cork\\\/#breadcrumb\",\"itemListElement\":[{\"@type\":\"ListItem\",\"position\":1,\"name\":\"In\u00edcio\",\"item\":\"https:\\\/\\\/www.bicachair.com\\\/fr\\\/\"},{\"@type\":\"ListItem\",\"position\":2,\"name\":\"Collection Cork\"}]},{\"@type\":\"WebSite\",\"@id\":\"https:\\\/\\\/www.bicachair.com\\\/#website\",\"url\":\"https:\\\/\\\/www.bicachair.com\\\/\",\"name\":\"Bicachair\",\"description\":\"Cadeira Portuguesa\",\"publisher\":{\"@id\":\"https:\\\/\\\/www.bicachair.com\\\/#organization\"},\"potentialAction\":[{\"@type\":\"SearchAction\",\"target\":{\"@type\":\"EntryPoint\",\"urlTemplate\":\"https:\\\/\\\/www.bicachair.com\\\/?s={search_term_string}\"},\"query-input\":{\"@type\":\"PropertyValueSpecification\",\"valueRequired\":true,\"valueName\":\"search_term_string\"}}],\"inLanguage\":\"fr-FR\"},{\"@type\":\"Organization\",\"@id\":\"https:\\\/\\\/www.bicachair.com\\\/#organization\",\"name\":\"Bicachair\",\"url\":\"https:\\\/\\\/www.bicachair.com\\\/\",\"logo\":{\"@type\":\"ImageObject\",\"inLanguage\":\"fr-FR\",\"@id\":\"https:\\\/\\\/www.bicachair.com\\\/#\\\/schema\\\/logo\\\/image\\\/\",\"url\":\"https:\\\/\\\/www.bicachair.com\\\/wp-content\\\/uploads\\\/2020\\\/01\\\/bicachair-and-streetart-armcollective-03.jpg\",\"contentUrl\":\"https:\\\/\\\/www.bicachair.com\\\/wp-content\\\/uploads\\\/2020\\\/01\\\/bicachair-and-streetart-armcollective-03.jpg\",\"width\":1920,\"height\":1282,\"caption\":\"Bicachair\"},\"image\":{\"@id\":\"https:\\\/\\\/www.bicachair.com\\\/#\\\/schema\\\/logo\\\/image\\\/\"}}]}<\/script>\n<!-- \/ Yoast SEO plugin. -->","yoast_head_json":{"title":"Cole\u00e7\u00e3o Cork - Cadeiras Bicachair","description":"En collaboration avec l'industrie du li\u00e8ge au Portugal, nous avons cr\u00e9\u00e9 une collection en li\u00e8ge naturel, enti\u00e8rement faite \u00e0 la main.","robots":{"index":"index","follow":"follow","max-snippet":"max-snippet:-1","max-image-preview":"max-image-preview:large","max-video-preview":"max-video-preview:-1"},"canonical":"https:\/\/www.bicachair.com\/fr\/collection-cork\/","og_locale":"fr_FR","og_type":"article","og_title":"Cole\u00e7\u00e3o Cork - Cadeiras Bicachair","og_description":"En collaboration avec l'industrie du li\u00e8ge au Portugal, nous avons cr\u00e9\u00e9 une collection en li\u00e8ge naturel, enti\u00e8rement faite \u00e0 la main.","og_url":"https:\/\/www.bicachair.com\/fr\/collection-cork\/","og_site_name":"Bicachair","article_modified_time":"2023-02-28T15:50:32+00:00","og_image":[{"width":1920,"height":1170,"url":"https:\/\/www.bicachair.com\/wp-content\/uploads\/2020\/02\/bica-home-classic-1.jpg","type":"image\/jpeg"}],"twitter_card":"summary_large_image","schema":{"@context":"https:\/\/schema.org","@graph":[{"@type":"WebPage","@id":"https:\/\/www.bicachair.com\/fr\/collection-cork\/","url":"https:\/\/www.bicachair.com\/fr\/collection-cork\/","name":"Cole\u00e7\u00e3o Cork - Cadeiras Bicachair","isPartOf":{"@id":"https:\/\/www.bicachair.com\/#website"},"datePublished":"2021-12-02T11:57:50+00:00","dateModified":"2023-02-28T15:50:32+00:00","description":"En collaboration avec l'industrie du li\u00e8ge au Portugal, nous avons cr\u00e9\u00e9 une collection en li\u00e8ge naturel, enti\u00e8rement faite \u00e0 la main.","breadcrumb":{"@id":"https:\/\/www.bicachair.com\/fr\/collection-cork\/#breadcrumb"},"inLanguage":"fr-FR","potentialAction":[{"@type":"ReadAction","target":["https:\/\/www.bicachair.com\/fr\/collection-cork\/"]}]},{"@type":"BreadcrumbList","@id":"https:\/\/www.bicachair.com\/fr\/collection-cork\/#breadcrumb","itemListElement":[{"@type":"ListItem","position":1,"name":"In\u00edcio","item":"https:\/\/www.bicachair.com\/fr\/"},{"@type":"ListItem","position":2,"name":"Collection Cork"}]},{"@type":"WebSite","@id":"https:\/\/www.bicachair.com\/#website","url":"https:\/\/www.bicachair.com\/","name":"Bicachair","description":"Cadeira Portuguesa","publisher":{"@id":"https:\/\/www.bicachair.com\/#organization"},"potentialAction":[{"@type":"SearchAction","target":{"@type":"EntryPoint","urlTemplate":"https:\/\/www.bicachair.com\/?s={search_term_string}"},"query-input":{"@type":"PropertyValueSpecification","valueRequired":true,"valueName":"search_term_string"}}],"inLanguage":"fr-FR"},{"@type":"Organization","@id":"https:\/\/www.bicachair.com\/#organization","name":"Bicachair","url":"https:\/\/www.bicachair.com\/","logo":{"@type":"ImageObject","inLanguage":"fr-FR","@id":"https:\/\/www.bicachair.com\/#\/schema\/logo\/image\/","url":"https:\/\/www.bicachair.com\/wp-content\/uploads\/2020\/01\/bicachair-and-streetart-armcollective-03.jpg","contentUrl":"https:\/\/www.bicachair.com\/wp-content\/uploads\/2020\/01\/bicachair-and-streetart-armcollective-03.jpg","width":1920,"height":1282,"caption":"Bicachair"},"image":{"@id":"https:\/\/www.bicachair.com\/#\/schema\/logo\/image\/"}}]}},"_links":{"self":[{"href":"https:\/\/www.bicachair.com\/fr\/wp-json\/wp\/v2\/pages\/4900","targetHints":{"allow":["GET"]}}],"collection":[{"href":"https:\/\/www.bicachair.com\/fr\/wp-json\/wp\/v2\/pages"}],"about":[{"href":"https:\/\/www.bicachair.com\/fr\/wp-json\/wp\/v2\/types\/page"}],"author":[{"embeddable":true,"href":"https:\/\/www.bicachair.com\/fr\/wp-json\/wp\/v2\/users\/1"}],"replies":[{"embeddable":true,"href":"https:\/\/www.bicachair.com\/fr\/wp-json\/wp\/v2\/comments?post=4900"}],"version-history":[{"count":0,"href":"https:\/\/www.bicachair.com\/fr\/wp-json\/wp\/v2\/pages\/4900\/revisions"}],"wp:attachment":[{"href":"https:\/\/www.bicachair.com\/fr\/wp-json\/wp\/v2\/media?parent=4900"}],"curies":[{"name":"wp","href":"https:\/\/api.w.org\/{rel}","templated":true}]}}